{"id":139,"date":"2023-10-03T19:31:51","date_gmt":"2023-10-03T19:31:51","guid":{"rendered":"https:\/\/haikenlab.cl\/?page_id=139"},"modified":"2024-06-28T00:55:28","modified_gmt":"2024-06-28T00:55:28","slug":"servicios","status":"publish","type":"page","link":"https:\/\/haikenlab.cl\/index.php\/servicios\/","title":{"rendered":"Servicios"},"content":{"rendered":"\t\t<div data-elementor-type=\"wp-page\" data-elementor-id=\"139\" class=\"elementor elementor-139\">\n\t\t\t\t\t\t<section class=\"elementor-section elementor-top-section elementor-element elementor-element-41a28fd2 elementor-section-boxed elementor-section-height-default elementor-section-height-default wpr-particle-no wpr-jarallax-no wpr-parallax-no wpr-sticky-section-no wpr-equal-height-no\" data-id=\"41a28fd2\" data-element_type=\"section\" data-e-type=\"section\">\n\t\t\t\t\t\t<div class=\"elementor-container elementor-column-gap-wide\">\n\t\t\t\t\t<div class=\"elementor-column elementor-col-50 elementor-top-column elementor-element elementor-element-5bc4d227\" data-id=\"5bc4d227\" data-element_type=\"column\" data-e-type=\"column\">\n\t\t\t<div class=\"elementor-widget-wrap elementor-element-populated\">\n\t\t\t\t\t\t<div class=\"elementor-element elementor-element-357fecc0 elementor-widget elementor-widget-heading\" data-id=\"357fecc0\" data-element_type=\"widget\" data-e-type=\"widget\" data-widget_type=\"heading.default\">\n\t\t\t\t<div class=\"elementor-widget-container\">\n\t\t\t\t\t<h2 class=\"elementor-heading-title elementor-size-default\">Conoce nuestros servicios\n<\/h2>\t\t\t\t<\/div>\n\t\t\t\t<\/div>\n\t\t\t\t<div class=\"elementor-element elementor-element-7a59124a elementor-widget elementor-widget-heading\" data-id=\"7a59124a\" data-element_type=\"widget\" data-e-type=\"widget\" data-widget_type=\"heading.default\">\n\t\t\t\t<div class=\"elementor-widget-container\">\n\t\t\t\t\t<h2 class=\"elementor-heading-title elementor-size-default\">Diagn\u00f3stico Microbiol\u00f3gico<\/h2>\t\t\t\t<\/div>\n\t\t\t\t<\/div>\n\t\t\t\t<div class=\"elementor-element elementor-element-45bb102c elementor-widget elementor-widget-text-editor\" data-id=\"45bb102c\" data-element_type=\"widget\" data-e-type=\"widget\" data-widget_type=\"text-editor.default\">\n\t\t\t\t<div class=\"elementor-widget-container\">\n\t\t\t\t\t\t\t\t\t<p class=\"whitespace-pre-wrap\">En Haiken contamos con modernos equipos y personal altamente capacitado para brindar servicios de diagn\u00f3stico microbiol\u00f3gico veterinario de alta complejidad. Nuestros servicios incluyen:<\/p>\t\t\t\t\t\t\t\t<\/div>\n\t\t\t\t<\/div>\n\t\t\t\t<div class=\"elementor-element elementor-element-62d36fec elementor-icon-list--layout-traditional elementor-list-item-link-full_width elementor-widget elementor-widget-icon-list\" data-id=\"62d36fec\" data-element_type=\"widget\" data-e-type=\"widget\" data-widget_type=\"icon-list.default\">\n\t\t\t\t<div class=\"elementor-widget-container\">\n\t\t\t\t\t\t\t<ul class=\"elementor-icon-list-items\">\n\t\t\t\t\t\t\t<li class=\"elementor-icon-list-item\">\n\t\t\t\t\t\t\t\t\t\t\t<span class=\"elementor-icon-list-icon\">\n\t\t\t\t\t\t\t<i aria-hidden=\"true\" class=\"fas fa-check\"><\/i>\t\t\t\t\t\t<\/span>\n\t\t\t\t\t\t\t\t\t\t<span class=\"elementor-icon-list-text\">Identificaci\u00f3n mediante PCR de varios patogenos.<\/span>\n\t\t\t\t\t\t\t\t\t<\/li>\n\t\t\t\t\t\t\t\t<li class=\"elementor-icon-list-item\">\n\t\t\t\t\t\t\t\t\t\t\t<span class=\"elementor-icon-list-icon\">\n\t\t\t\t\t\t\t<i aria-hidden=\"true\" class=\"fas fa-check\"><\/i>\t\t\t\t\t\t<\/span>\n\t\t\t\t\t\t\t\t\t\t<span class=\"elementor-icon-list-text\">Caracterizaci\u00f3n de microorganismos.<\/span>\n\t\t\t\t\t\t\t\t\t<\/li>\n\t\t\t\t\t\t\t\t<li class=\"elementor-icon-list-item\">\n\t\t\t\t\t\t\t\t\t\t\t<span class=\"elementor-icon-list-icon\">\n\t\t\t\t\t\t\t<i aria-hidden=\"true\" class=\"fas fa-check\"><\/i>\t\t\t\t\t\t<\/span>\n\t\t\t\t\t\t\t\t\t\t<span class=\"elementor-icon-list-text\">Antibiogramas utilizando difusi\u00f3n en disco.<\/span>\n\t\t\t\t\t\t\t\t\t<\/li>\n\t\t\t\t\t\t\t\t<li class=\"elementor-icon-list-item\">\n\t\t\t\t\t\t\t\t\t\t\t<span class=\"elementor-icon-list-icon\">\n\t\t\t\t\t\t\t<i aria-hidden=\"true\" class=\"fas fa-check\"><\/i>\t\t\t\t\t\t<\/span>\n\t\t\t\t\t\t\t\t\t\t<span class=\"elementor-icon-list-text\">Caracterizaci\u00f3n de hongos y levaduras <\/span>\n\t\t\t\t\t\t\t\t\t<\/li>\n\t\t\t\t\t\t<\/ul>\n\t\t\t\t\t\t<\/div>\n\t\t\t\t<\/div>\n\t\t\t\t\t<\/div>\n\t\t<\/div>\n\t\t\t\t<div class=\"elementor-column elementor-col-50 elementor-top-column elementor-element elementor-element-4ae6805e\" data-id=\"4ae6805e\" data-element_type=\"column\" data-e-type=\"column\">\n\t\t\t<div class=\"elementor-widget-wrap elementor-element-populated\">\n\t\t\t\t\t\t<div class=\"elementor-element elementor-element-6fc63da0 elementor-widget elementor-widget-image\" data-id=\"6fc63da0\" data-element_type=\"widget\" data-e-type=\"widget\" data-widget_type=\"image.default\">\n\t\t\t\t<div class=\"elementor-widget-container\">\n\t\t\t\t\t\t\t\t\t\t\t\t\t\t\t<img fetchpriority=\"high\" decoding=\"async\" width=\"500\" height=\"500\" src=\"https:\/\/haikenlab.cl\/wp-content\/uploads\/2023\/10\/logo-empresarial-manufactura-con-tipografia-azul-y-blanco-3.png\" class=\"attachment-large size-large wp-image-222\" alt=\"\" srcset=\"https:\/\/haikenlab.cl\/wp-content\/uploads\/2023\/10\/logo-empresarial-manufactura-con-tipografia-azul-y-blanco-3.png 500w, https:\/\/haikenlab.cl\/wp-content\/uploads\/2023\/10\/logo-empresarial-manufactura-con-tipografia-azul-y-blanco-3-300x300.png 300w, https:\/\/haikenlab.cl\/wp-content\/uploads\/2023\/10\/logo-empresarial-manufactura-con-tipografia-azul-y-blanco-3-150x150.png 150w\" sizes=\"(max-width: 500px) 100vw, 500px\" \/>\t\t\t\t\t\t\t\t\t\t\t\t\t\t\t<\/div>\n\t\t\t\t<\/div>\n\t\t\t\t\t<\/div>\n\t\t<\/div>\n\t\t\t\t\t<\/div>\n\t\t<\/section>\n\t\t\t\t<section class=\"elementor-section elementor-top-section elementor-element elementor-element-528d9a16 elementor-section-boxed elementor-section-height-default elementor-section-height-default wpr-particle-no wpr-jarallax-no wpr-parallax-no wpr-sticky-section-no wpr-equal-height-no\" data-id=\"528d9a16\" data-element_type=\"section\" data-e-type=\"section\">\n\t\t\t\t\t\t<div class=\"elementor-container elementor-column-gap-default\">\n\t\t\t\t\t<div class=\"elementor-column elementor-col-100 elementor-top-column elementor-element elementor-element-1f3b68ec\" data-id=\"1f3b68ec\" data-element_type=\"column\" data-e-type=\"column\">\n\t\t\t<div class=\"elementor-widget-wrap elementor-element-populated\">\n\t\t\t\t\t\t<section class=\"elementor-section elementor-inner-section elementor-element elementor-element-652d8af7 elementor-section-boxed elementor-section-height-default elementor-section-height-default wpr-particle-no wpr-jarallax-no wpr-parallax-no wpr-sticky-section-no wpr-equal-height-no\" data-id=\"652d8af7\" data-element_type=\"section\" data-e-type=\"section\">\n\t\t\t\t\t\t<div class=\"elementor-container elementor-column-gap-extended\">\n\t\t\t\t\t<div class=\"elementor-column elementor-col-33 elementor-inner-column elementor-element elementor-element-2bf49e50\" data-id=\"2bf49e50\" data-element_type=\"column\" data-e-type=\"column\">\n\t\t\t<div class=\"elementor-widget-wrap elementor-element-populated\">\n\t\t\t\t\t\t<div class=\"elementor-element elementor-element-701d4cb3 elementor-position-top elementor-invisible elementor-widget elementor-widget-image-box\" data-id=\"701d4cb3\" data-element_type=\"widget\" data-e-type=\"widget\" data-settings=\"{&quot;_animation&quot;:&quot;zoomIn&quot;}\" data-widget_type=\"image-box.default\">\n\t\t\t\t<div class=\"elementor-widget-container\">\n\t\t\t\t\t<div class=\"elementor-image-box-wrapper\"><figure class=\"elementor-image-box-img\"><a href=\"https:\/\/haikenlab.cl\/wp-content\/uploads\/2024\/06\/SERVICIOS-HAIKEN-2024-GRAN-CONCEPCION.pdf\" tabindex=\"-1\"><img decoding=\"async\" width=\"491\" height=\"491\" src=\"https:\/\/haikenlab.cl\/wp-content\/uploads\/2023\/09\/pic-6.png\" class=\"attachment-full size-full wp-image-77\" alt=\"\" srcset=\"https:\/\/haikenlab.cl\/wp-content\/uploads\/2023\/09\/pic-6.png 491w, https:\/\/haikenlab.cl\/wp-content\/uploads\/2023\/09\/pic-6-300x300.png 300w, https:\/\/haikenlab.cl\/wp-content\/uploads\/2023\/09\/pic-6-150x150.png 150w\" sizes=\"(max-width: 491px) 100vw, 491px\" \/><\/a><\/figure><div class=\"elementor-image-box-content\"><h3 class=\"elementor-image-box-title\"><a href=\"https:\/\/haikenlab.cl\/wp-content\/uploads\/2024\/06\/SERVICIOS-HAIKEN-2024-GRAN-CONCEPCION.pdf\">Servicios<\/a><\/h3><p class=\"elementor-image-box-description\">Haz clic para conocer los pat\u00f3genos que identificamos mediante PCR<\/p><\/div><\/div>\t\t\t\t<\/div>\n\t\t\t\t<\/div>\n\t\t\t\t\t<\/div>\n\t\t<\/div>\n\t\t\t\t<div class=\"elementor-column elementor-col-33 elementor-inner-column elementor-element elementor-element-1f8c5053\" data-id=\"1f8c5053\" data-element_type=\"column\" data-e-type=\"column\">\n\t\t\t<div class=\"elementor-widget-wrap elementor-element-populated\">\n\t\t\t\t\t\t<div class=\"elementor-element elementor-element-1a492b2f elementor-position-top elementor-invisible elementor-widget elementor-widget-image-box\" data-id=\"1a492b2f\" data-element_type=\"widget\" data-e-type=\"widget\" data-settings=\"{&quot;_animation&quot;:&quot;zoomIn&quot;}\" data-widget_type=\"image-box.default\">\n\t\t\t\t<div class=\"elementor-widget-container\">\n\t\t\t\t\t<div class=\"elementor-image-box-wrapper\"><figure class=\"elementor-image-box-img\"><a href=\"https:\/\/haikenlab.cl\/wp-content\/uploads\/2023\/11\/MANUAL-HAIKEN-2023.pdf\" tabindex=\"-1\"><img decoding=\"async\" width=\"491\" height=\"491\" src=\"https:\/\/haikenlab.cl\/wp-content\/uploads\/2023\/09\/pic-8.png\" class=\"attachment-full size-full wp-image-78\" alt=\"\" srcset=\"https:\/\/haikenlab.cl\/wp-content\/uploads\/2023\/09\/pic-8.png 491w, https:\/\/haikenlab.cl\/wp-content\/uploads\/2023\/09\/pic-8-300x300.png 300w, https:\/\/haikenlab.cl\/wp-content\/uploads\/2023\/09\/pic-8-150x150.png 150w\" sizes=\"(max-width: 491px) 100vw, 491px\" \/><\/a><\/figure><div class=\"elementor-image-box-content\"><h3 class=\"elementor-image-box-title\"><a href=\"https:\/\/haikenlab.cl\/wp-content\/uploads\/2023\/11\/MANUAL-HAIKEN-2023.pdf\">Instructivo de toma de muestras<\/a><\/h3><p class=\"elementor-image-box-description\">Para un correcto analisis es necesario tomar las muestras de adecuada manera.<\/p><\/div><\/div>\t\t\t\t<\/div>\n\t\t\t\t<\/div>\n\t\t\t\t\t<\/div>\n\t\t<\/div>\n\t\t\t\t<div class=\"elementor-column elementor-col-33 elementor-inner-column elementor-element elementor-element-11132be\" data-id=\"11132be\" data-element_type=\"column\" data-e-type=\"column\">\n\t\t\t<div class=\"elementor-widget-wrap elementor-element-populated\">\n\t\t\t\t\t\t<div class=\"elementor-element elementor-element-651f3640 elementor-position-top elementor-invisible elementor-widget elementor-widget-image-box\" data-id=\"651f3640\" data-element_type=\"widget\" data-e-type=\"widget\" data-settings=\"{&quot;_animation&quot;:&quot;zoomIn&quot;}\" data-widget_type=\"image-box.default\">\n\t\t\t\t<div class=\"elementor-widget-container\">\n\t\t\t\t\t<div class=\"elementor-image-box-wrapper\"><figure class=\"elementor-image-box-img\"><a href=\"https:\/\/haikenlab.cl\/wp-content\/uploads\/2024\/06\/ORDEN-HAIKENLAB-2024-edit.pdf\" tabindex=\"-1\"><img loading=\"lazy\" decoding=\"async\" width=\"491\" height=\"491\" src=\"https:\/\/haikenlab.cl\/wp-content\/uploads\/2023\/09\/pic-9.png\" class=\"attachment-full size-full wp-image-79\" alt=\"\" srcset=\"https:\/\/haikenlab.cl\/wp-content\/uploads\/2023\/09\/pic-9.png 491w, https:\/\/haikenlab.cl\/wp-content\/uploads\/2023\/09\/pic-9-300x300.png 300w, https:\/\/haikenlab.cl\/wp-content\/uploads\/2023\/09\/pic-9-150x150.png 150w\" sizes=\"(max-width: 491px) 100vw, 491px\" \/><\/a><\/figure><div class=\"elementor-image-box-content\"><h3 class=\"elementor-image-box-title\"><a href=\"https:\/\/haikenlab.cl\/wp-content\/uploads\/2024\/06\/ORDEN-HAIKENLAB-2024-edit.pdf\">Orden de examenes<\/a><\/h3><p class=\"elementor-image-box-description\">Descarga nuestra orden de ex\u00e1menes haciendo click aqu\u00ed.<\/p><\/div><\/div>\t\t\t\t<\/div>\n\t\t\t\t<\/div>\n\t\t\t\t\t<\/div>\n\t\t<\/div>\n\t\t\t\t\t<\/div>\n\t\t<\/section>\n\t\t\t\t\t<\/div>\n\t\t<\/div>\n\t\t\t\t\t<\/div>\n\t\t<\/section>\n\t\t\t\t<\/div>\n\t\t","protected":false},"excerpt":{"rendered":"<p>Conoce nuestros servicios Diagn\u00f3stico Microbiol\u00f3gico En Haiken contamos con modernos equipos y personal altamente capacitado para brindar servicios de diagn\u00f3stico microbiol\u00f3gico veterinario de alta complejidad. Nuestros servicios incluyen: Identificaci\u00f3n mediante PCR de varios patogenos. Caracterizaci\u00f3n de microorganismos. Antibiogramas utilizando difusi\u00f3n en disco. Caracterizaci\u00f3n de hongos y levaduras Servicios Haz clic para conocer los pat\u00f3genos que identificamos mediante PCR Instructivo de toma de muestras Para un correcto analisis es necesario tomar las muestras de adecuada manera. Orden de examenes Descarga nuestra orden de ex\u00e1menes haciendo click aqu\u00ed.<\/p>\n","protected":false},"author":1,"featured_media":0,"parent":0,"menu_order":0,"comment_status":"closed","ping_status":"closed","template":"","meta":{"_uag_custom_page_level_css":"","site-sidebar-layout":"no-sidebar","site-content-layout":"","ast-site-content-layout":"full-width-container","site-content-style":"default","site-sidebar-style":"default","ast-global-header-display":"","ast-banner-title-visibility":"","ast-main-header-display":"","ast-hfb-above-header-display":"","ast-hfb-below-header-display":"","ast-hfb-mobile-header-display":"","site-post-title":"disabled","ast-breadcrumbs-content":"","ast-featured-img":"disabled","footer-sml-layout":"","ast-disable-related-posts":"","theme-transparent-header-meta":"","adv-header-id-meta":"","stick-header-meta":"","header-above-stick-meta":"","header-main-stick-meta":"","header-below-stick-meta":"","astra-migrate-meta-layouts":"default","ast-page-background-enabled":"default","ast-page-background-meta":{"desktop":{"background-color":"var(--ast-global-color-5)","background-image":"","background-repeat":"repeat","background-position":"center center","background-size":"auto","background-attachment":"scroll","background-type":"","background-media":"","overlay-type":"","overlay-color":"","overlay-opacity":"","overlay-gradient":""},"tablet":{"background-color":"","background-image":"","background-repeat":"repeat","background-position":"center center","background-size":"auto","background-attachment":"scroll","background-type":"","background-media":"","overlay-type":"","overlay-color":"","overlay-opacity":"","overlay-gradient":""},"mobile":{"background-color":"","background-image":"","background-repeat":"repeat","background-position":"center center","background-size":"auto","background-attachment":"scroll","background-type":"","background-media":"","overlay-type":"","overlay-color":"","overlay-opacity":"","overlay-gradient":""}},"ast-content-background-meta":{"desktop":{"background-color":"var(--ast-global-color-4)","background-image":"","background-repeat":"repeat","background-position":"center center","background-size":"auto","background-attachment":"scroll","background-type":"","background-media":"","overlay-type":"","overlay-color":"","overlay-opacity":"","overlay-gradient":""},"tablet":{"background-color":"var(--ast-global-color-4)","background-image":"","background-repeat":"repeat","background-position":"center center","background-size":"auto","background-attachment":"scroll","background-type":"","background-media":"","overlay-type":"","overlay-color":"","overlay-opacity":"","overlay-gradient":""},"mobile":{"background-color":"var(--ast-global-color-4)","background-image":"","background-repeat":"repeat","background-position":"center center","background-size":"auto","background-attachment":"scroll","background-type":"","background-media":"","overlay-type":"","overlay-color":"","overlay-opacity":"","overlay-gradient":""}},"footnotes":""},"class_list":["post-139","page","type-page","status-publish","hentry"],"yoast_head":"<!-- This site is optimized with the Yoast SEO plugin v27.3 - https:\/\/yoast.com\/product\/yoast-seo-wordpress\/ -->\n<title>Servicios - Haiken<\/title>\n<meta name=\"robots\" content=\"index, follow, max-snippet:-1, max-image-preview:large, max-video-preview:-1\" \/>\n<link rel=\"canonical\" href=\"https:\/\/haikenlab.cl\/index.php\/servicios\/\" \/>\n<meta property=\"og:locale\" content=\"es_MX\" \/>\n<meta property=\"og:type\" content=\"article\" \/>\n<meta property=\"og:title\" content=\"Servicios - Haiken\" \/>\n<meta property=\"og:description\" content=\"Conoce nuestros servicios Diagn\u00f3stico Microbiol\u00f3gico En Haiken contamos con modernos equipos y personal altamente capacitado para brindar servicios de diagn\u00f3stico microbiol\u00f3gico veterinario de alta complejidad. Nuestros servicios incluyen: Identificaci\u00f3n mediante PCR de varios patogenos. Caracterizaci\u00f3n de microorganismos. Antibiogramas utilizando difusi\u00f3n en disco. Caracterizaci\u00f3n de hongos y levaduras Servicios Haz clic para conocer los pat\u00f3genos que identificamos mediante PCR Instructivo de toma de muestras Para un correcto analisis es necesario tomar las muestras de adecuada manera. Orden de examenes Descarga nuestra orden de ex\u00e1menes haciendo click aqu\u00ed.\" \/>\n<meta property=\"og:url\" content=\"https:\/\/haikenlab.cl\/index.php\/servicios\/\" \/>\n<meta property=\"og:site_name\" content=\"Haiken\" \/>\n<meta property=\"article:modified_time\" content=\"2024-06-28T00:55:28+00:00\" \/>\n<meta property=\"og:image\" content=\"https:\/\/haikenlab.cl\/wp-content\/uploads\/2023\/10\/logo-empresarial-manufactura-con-tipografia-azul-y-blanco-3.png\" \/>\n<meta name=\"twitter:card\" content=\"summary_large_image\" \/>\n<meta name=\"twitter:label1\" content=\"Tiempo de lectura\" \/>\n\t<meta name=\"twitter:data1\" content=\"2 minutos\" \/>\n<script type=\"application\/ld+json\" class=\"yoast-schema-graph\">{\"@context\":\"https:\\\/\\\/schema.org\",\"@graph\":[{\"@type\":\"WebPage\",\"@id\":\"https:\\\/\\\/haikenlab.cl\\\/index.php\\\/servicios\\\/\",\"url\":\"https:\\\/\\\/haikenlab.cl\\\/index.php\\\/servicios\\\/\",\"name\":\"Servicios - Haiken\",\"isPartOf\":{\"@id\":\"https:\\\/\\\/haikenlab.cl\\\/#website\"},\"primaryImageOfPage\":{\"@id\":\"https:\\\/\\\/haikenlab.cl\\\/index.php\\\/servicios\\\/#primaryimage\"},\"image\":{\"@id\":\"https:\\\/\\\/haikenlab.cl\\\/index.php\\\/servicios\\\/#primaryimage\"},\"thumbnailUrl\":\"https:\\\/\\\/haikenlab.cl\\\/wp-content\\\/uploads\\\/2023\\\/10\\\/logo-empresarial-manufactura-con-tipografia-azul-y-blanco-3.png\",\"datePublished\":\"2023-10-03T19:31:51+00:00\",\"dateModified\":\"2024-06-28T00:55:28+00:00\",\"breadcrumb\":{\"@id\":\"https:\\\/\\\/haikenlab.cl\\\/index.php\\\/servicios\\\/#breadcrumb\"},\"inLanguage\":\"es\",\"potentialAction\":[{\"@type\":\"ReadAction\",\"target\":[\"https:\\\/\\\/haikenlab.cl\\\/index.php\\\/servicios\\\/\"]}]},{\"@type\":\"ImageObject\",\"inLanguage\":\"es\",\"@id\":\"https:\\\/\\\/haikenlab.cl\\\/index.php\\\/servicios\\\/#primaryimage\",\"url\":\"https:\\\/\\\/haikenlab.cl\\\/wp-content\\\/uploads\\\/2023\\\/10\\\/logo-empresarial-manufactura-con-tipografia-azul-y-blanco-3.png\",\"contentUrl\":\"https:\\\/\\\/haikenlab.cl\\\/wp-content\\\/uploads\\\/2023\\\/10\\\/logo-empresarial-manufactura-con-tipografia-azul-y-blanco-3.png\",\"width\":500,\"height\":500},{\"@type\":\"BreadcrumbList\",\"@id\":\"https:\\\/\\\/haikenlab.cl\\\/index.php\\\/servicios\\\/#breadcrumb\",\"itemListElement\":[{\"@type\":\"ListItem\",\"position\":1,\"name\":\"Inicio\",\"item\":\"https:\\\/\\\/haikenlab.cl\\\/\"},{\"@type\":\"ListItem\",\"position\":2,\"name\":\"Servicios\"}]},{\"@type\":\"WebSite\",\"@id\":\"https:\\\/\\\/haikenlab.cl\\\/#website\",\"url\":\"https:\\\/\\\/haikenlab.cl\\\/\",\"name\":\"Haiken\",\"description\":\"\",\"publisher\":{\"@id\":\"https:\\\/\\\/haikenlab.cl\\\/#organization\"},\"potentialAction\":[{\"@type\":\"SearchAction\",\"target\":{\"@type\":\"EntryPoint\",\"urlTemplate\":\"https:\\\/\\\/haikenlab.cl\\\/?s={search_term_string}\"},\"query-input\":{\"@type\":\"PropertyValueSpecification\",\"valueRequired\":true,\"valueName\":\"search_term_string\"}}],\"inLanguage\":\"es\"},{\"@type\":\"Organization\",\"@id\":\"https:\\\/\\\/haikenlab.cl\\\/#organization\",\"name\":\"Haiken\",\"url\":\"https:\\\/\\\/haikenlab.cl\\\/\",\"logo\":{\"@type\":\"ImageObject\",\"inLanguage\":\"es\",\"@id\":\"https:\\\/\\\/haikenlab.cl\\\/#\\\/schema\\\/logo\\\/image\\\/\",\"url\":\"https:\\\/\\\/haikenlab.cl\\\/wp-content\\\/uploads\\\/2023\\\/09\\\/cropped-haiken-05.png\",\"contentUrl\":\"https:\\\/\\\/haikenlab.cl\\\/wp-content\\\/uploads\\\/2023\\\/09\\\/cropped-haiken-05.png\",\"width\":2480,\"height\":827,\"caption\":\"Haiken\"},\"image\":{\"@id\":\"https:\\\/\\\/haikenlab.cl\\\/#\\\/schema\\\/logo\\\/image\\\/\"}}]}<\/script>\n<!-- \/ Yoast SEO plugin. -->","yoast_head_json":{"title":"Servicios - Haiken","robots":{"index":"index","follow":"follow","max-snippet":"max-snippet:-1","max-image-preview":"max-image-preview:large","max-video-preview":"max-video-preview:-1"},"canonical":"https:\/\/haikenlab.cl\/index.php\/servicios\/","og_locale":"es_MX","og_type":"article","og_title":"Servicios - Haiken","og_description":"Conoce nuestros servicios Diagn\u00f3stico Microbiol\u00f3gico En Haiken contamos con modernos equipos y personal altamente capacitado para brindar servicios de diagn\u00f3stico microbiol\u00f3gico veterinario de alta complejidad. Nuestros servicios incluyen: Identificaci\u00f3n mediante PCR de varios patogenos. Caracterizaci\u00f3n de microorganismos. Antibiogramas utilizando difusi\u00f3n en disco. Caracterizaci\u00f3n de hongos y levaduras Servicios Haz clic para conocer los pat\u00f3genos que identificamos mediante PCR Instructivo de toma de muestras Para un correcto analisis es necesario tomar las muestras de adecuada manera. Orden de examenes Descarga nuestra orden de ex\u00e1menes haciendo click aqu\u00ed.","og_url":"https:\/\/haikenlab.cl\/index.php\/servicios\/","og_site_name":"Haiken","article_modified_time":"2024-06-28T00:55:28+00:00","og_image":[{"url":"https:\/\/haikenlab.cl\/wp-content\/uploads\/2023\/10\/logo-empresarial-manufactura-con-tipografia-azul-y-blanco-3.png","type":"","width":"","height":""}],"twitter_card":"summary_large_image","twitter_misc":{"Tiempo de lectura":"2 minutos"},"schema":{"@context":"https:\/\/schema.org","@graph":[{"@type":"WebPage","@id":"https:\/\/haikenlab.cl\/index.php\/servicios\/","url":"https:\/\/haikenlab.cl\/index.php\/servicios\/","name":"Servicios - Haiken","isPartOf":{"@id":"https:\/\/haikenlab.cl\/#website"},"primaryImageOfPage":{"@id":"https:\/\/haikenlab.cl\/index.php\/servicios\/#primaryimage"},"image":{"@id":"https:\/\/haikenlab.cl\/index.php\/servicios\/#primaryimage"},"thumbnailUrl":"https:\/\/haikenlab.cl\/wp-content\/uploads\/2023\/10\/logo-empresarial-manufactura-con-tipografia-azul-y-blanco-3.png","datePublished":"2023-10-03T19:31:51+00:00","dateModified":"2024-06-28T00:55:28+00:00","breadcrumb":{"@id":"https:\/\/haikenlab.cl\/index.php\/servicios\/#breadcrumb"},"inLanguage":"es","potentialAction":[{"@type":"ReadAction","target":["https:\/\/haikenlab.cl\/index.php\/servicios\/"]}]},{"@type":"ImageObject","inLanguage":"es","@id":"https:\/\/haikenlab.cl\/index.php\/servicios\/#primaryimage","url":"https:\/\/haikenlab.cl\/wp-content\/uploads\/2023\/10\/logo-empresarial-manufactura-con-tipografia-azul-y-blanco-3.png","contentUrl":"https:\/\/haikenlab.cl\/wp-content\/uploads\/2023\/10\/logo-empresarial-manufactura-con-tipografia-azul-y-blanco-3.png","width":500,"height":500},{"@type":"BreadcrumbList","@id":"https:\/\/haikenlab.cl\/index.php\/servicios\/#breadcrumb","itemListElement":[{"@type":"ListItem","position":1,"name":"Inicio","item":"https:\/\/haikenlab.cl\/"},{"@type":"ListItem","position":2,"name":"Servicios"}]},{"@type":"WebSite","@id":"https:\/\/haikenlab.cl\/#website","url":"https:\/\/haikenlab.cl\/","name":"Haiken","description":"","publisher":{"@id":"https:\/\/haikenlab.cl\/#organization"},"potentialAction":[{"@type":"SearchAction","target":{"@type":"EntryPoint","urlTemplate":"https:\/\/haikenlab.cl\/?s={search_term_string}"},"query-input":{"@type":"PropertyValueSpecification","valueRequired":true,"valueName":"search_term_string"}}],"inLanguage":"es"},{"@type":"Organization","@id":"https:\/\/haikenlab.cl\/#organization","name":"Haiken","url":"https:\/\/haikenlab.cl\/","logo":{"@type":"ImageObject","inLanguage":"es","@id":"https:\/\/haikenlab.cl\/#\/schema\/logo\/image\/","url":"https:\/\/haikenlab.cl\/wp-content\/uploads\/2023\/09\/cropped-haiken-05.png","contentUrl":"https:\/\/haikenlab.cl\/wp-content\/uploads\/2023\/09\/cropped-haiken-05.png","width":2480,"height":827,"caption":"Haiken"},"image":{"@id":"https:\/\/haikenlab.cl\/#\/schema\/logo\/image\/"}}]}},"uagb_featured_image_src":{"full":false,"thumbnail":false,"medium":false,"medium_large":false,"large":false,"1536x1536":false,"2048x2048":false},"uagb_author_info":{"display_name":"admin","author_link":"https:\/\/haikenlab.cl\/index.php\/author\/admin_0781ion8\/"},"uagb_comment_info":0,"uagb_excerpt":"Conoce nuestros servicios Diagn\u00f3stico Microbiol\u00f3gico En Haiken contamos con modernos equipos y personal altamente capacitado para brindar servicios de diagn\u00f3stico microbiol\u00f3gico veterinario de alta complejidad. Nuestros servicios incluyen: Identificaci\u00f3n mediante PCR de varios patogenos. Caracterizaci\u00f3n de microorganismos. Antibiogramas utilizando difusi\u00f3n en disco. Caracterizaci\u00f3n de hongos y levaduras Servicios Haz clic para conocer los pat\u00f3genos que&hellip;","_links":{"self":[{"href":"https:\/\/haikenlab.cl\/index.php\/wp-json\/wp\/v2\/pages\/139","targetHints":{"allow":["GET"]}}],"collection":[{"href":"https:\/\/haikenlab.cl\/index.php\/wp-json\/wp\/v2\/pages"}],"about":[{"href":"https:\/\/haikenlab.cl\/index.php\/wp-json\/wp\/v2\/types\/page"}],"author":[{"embeddable":true,"href":"https:\/\/haikenlab.cl\/index.php\/wp-json\/wp\/v2\/users\/1"}],"replies":[{"embeddable":true,"href":"https:\/\/haikenlab.cl\/index.php\/wp-json\/wp\/v2\/comments?post=139"}],"version-history":[{"count":31,"href":"https:\/\/haikenlab.cl\/index.php\/wp-json\/wp\/v2\/pages\/139\/revisions"}],"predecessor-version":[{"id":272,"href":"https:\/\/haikenlab.cl\/index.php\/wp-json\/wp\/v2\/pages\/139\/revisions\/272"}],"wp:attachment":[{"href":"https:\/\/haikenlab.cl\/index.php\/wp-json\/wp\/v2\/media?parent=139"}],"curies":[{"name":"wp","href":"https:\/\/api.w.org\/{rel}","templated":true}]}}